{"id":776,"date":"2024-01-23T04:53:52","date_gmt":"2024-01-23T04:53:52","guid":{"rendered":"https:\/\/widebridge.pl\/?page_id=776"},"modified":"2024-05-24T05:11:08","modified_gmt":"2024-05-24T05:11:08","slug":"terms-services","status":"publish","type":"page","link":"https:\/\/widebridge.pl\/pl\/terms-services\/","title":{"rendered":"Terms &#038; Services"},"content":{"rendered":"<div data-elementor-type=\"wp-page\" data-elementor-id=\"776\" class=\"elementor elementor-776\">\n\t\t\t\t\t\t<section class=\"elementor-section elementor-top-section elementor-element elementor-element-e4c4b20 elementor-section-boxed elementor-section-height-default elementor-section-height-default\" data-id=\"e4c4b20\" data-element_type=\"section\" data-settings=\"{&quot;background_background&quot;:&quot;classic&quot;}\">\n\t\t\t\t\t\t\t<div class=\"elementor-background-overlay\"><\/div>\n\t\t\t\t\t\t\t<div class=\"elementor-container elementor-column-gap-default\">\n\t\t\t\t\t<div class=\"elementor-column elementor-col-100 elementor-top-column elementor-element elementor-element-753be85\" data-id=\"753be85\" data-element_type=\"column\">\n\t\t\t<div class=\"elementor-widget-wrap elementor-element-populated\">\n\t\t\t\t\t\t<div class=\"elementor-element elementor-element-f46dfec de_scroll_animation_no elementor-invisible elementor-widget elementor-widget-heading\" data-id=\"f46dfec\" data-element_type=\"widget\" data-settings=\"{&quot;_animation&quot;:&quot;fadeInUp&quot;}\" data-widget_type=\"heading.default\">\n\t\t\t\t<div class=\"elementor-widget-container\">\n\t\t\t\t\t<h2 class=\"elementor-heading-title elementor-size-default\">Terms &amp; Services<\/h2>\t\t\t\t<\/div>\n\t\t\t\t<\/div>\n\t\t\t\t<div class=\"elementor-element elementor-element-4c00079 elementor-icon-list--layout-inline elementor-align-center elementor-list-item-link-full_width de_scroll_animation_no elementor-invisible elementor-widget elementor-widget-icon-list\" data-id=\"4c00079\" data-element_type=\"widget\" data-settings=\"{&quot;_animation&quot;:&quot;fadeInUp&quot;,&quot;_animation_delay&quot;:200}\" data-widget_type=\"icon-list.default\">\n\t\t\t\t<div class=\"elementor-widget-container\">\n\t\t\t\t\t\t\t<ul class=\"elementor-icon-list-items elementor-inline-items\">\n\t\t\t\t\t\t\t<li class=\"elementor-icon-list-item elementor-inline-item\">\n\t\t\t\t\t\t\t\t\t\t\t<a href=\"#\">\n\n\t\t\t\t\t\t\t\t\t\t\t<span class=\"elementor-icon-list-text\">Dom<\/span>\n\t\t\t\t\t\t\t\t\t\t\t<\/a>\n\t\t\t\t\t\t\t\t\t<\/li>\n\t\t\t\t\t\t\t\t<li class=\"elementor-icon-list-item elementor-inline-item\">\n\t\t\t\t\t\t\t\t\t\t\t<span class=\"elementor-icon-list-icon\">\n\t\t\t\t\t\t\t<svg aria-hidden=\"true\" class=\"e-font-icon-svg e-fas-long-arrow-alt-right\" viewbox=\"0 0 448 512\" xmlns=\"http:\/\/www.w3.org\/2000\/svg\"><path d=\"M313.941 216H12c-6.627 0-12 5.373-12 12v56c0 6.627 5.373 12 12 12h301.941v46.059c0 21.382 25.851 32.09 40.971 16.971l86.059-86.059c9.373-9.373 9.373-24.569 0-33.941l-86.059-86.059c-15.119-15.119-40.971-4.411-40.971 16.971V216z\"><\/path><\/svg>\t\t\t\t\t\t<\/span>\n\t\t\t\t\t\t\t\t\t\t<span class=\"elementor-icon-list-text\">Warunki i us\u0142ugi<\/span>\n\t\t\t\t\t\t\t\t\t<\/li>\n\t\t\t\t\t\t<\/ul>\n\t\t\t\t\t\t<\/div>\n\t\t\t\t<\/div>\n\t\t\t\t\t<\/div>\n\t\t<\/div>\n\t\t\t\t\t<\/div>\n\t\t<\/section>\n\t\t\t\t<section class=\"elementor-section elementor-top-section elementor-element elementor-element-8d7fe38 gdpr-sec elementor-section-boxed elementor-section-height-default elementor-section-height-default\" data-id=\"8d7fe38\" data-element_type=\"section\" data-settings=\"{&quot;background_background&quot;:&quot;classic&quot;}\">\n\t\t\t\t\t\t<div class=\"elementor-container elementor-column-gap-default\">\n\t\t\t\t\t<div class=\"elementor-column elementor-col-100 elementor-top-column elementor-element elementor-element-324aafe\" data-id=\"324aafe\" data-element_type=\"column\">\n\t\t\t<div class=\"elementor-widget-wrap elementor-element-populated\">\n\t\t\t\t\t\t<div class=\"elementor-element elementor-element-e6f2d6b de_scroll_animation_no elementor-invisible elementor-widget elementor-widget-text-editor\" data-id=\"e6f2d6b\" data-element_type=\"widget\" data-settings=\"{&quot;_animation&quot;:&quot;fadeInUp&quot;}\" data-widget_type=\"text-editor.default\">\n\t\t\t\t<div class=\"elementor-widget-container\">\n\t\t\t\t\t\t\t\t\t<h3>Informacja o przetwarzaniu danych osobowych przez Wide Bridge Forwarding Sp.\u00a0z oo<\/h3>\t\t\t\t\t\t\t\t<\/div>\n\t\t\t\t<\/div>\n\t\t\t\t<div class=\"elementor-element elementor-element-f4faea4 de_scroll_animation_no elementor-widget elementor-widget-text-editor\" data-id=\"f4faea4\" data-element_type=\"widget\" data-widget_type=\"text-editor.default\">\n\t\t\t\t<div class=\"elementor-widget-container\">\n\t\t\t\t\t\t\t\t\t<h4><strong><span>Rozdzia\u0142 I \u2013 RODO\/informacje og\u00f3lne<\/span><\/strong><\/h4>\t\t\t\t\t\t\t\t<\/div>\n\t\t\t\t<\/div>\n\t\t\t\t<div class=\"elementor-element elementor-element-0859a63 de_scroll_animation_no elementor-widget elementor-widget-text-editor\" data-id=\"0859a63\" data-element_type=\"widget\" data-widget_type=\"text-editor.default\">\n\t\t\t\t<div class=\"elementor-widget-container\">\n\t\t\t\t\t\t\t\t\t<p>Rozpoczniemy stosowanie RODO (Rozporz\u0105dzenie o Ochronie Danych Osobowych).\u00a0<strong>25 maja 2018 r<\/strong>\u00a0<em>Pe\u0142na nazwa to: Rozporz\u0105dzenie Parlamentu Europejskiego i Rady (UE) 2016\/679 z dnia 27 kwietnia 2016 r. w sprawie ochrony os\u00f3b fizycznych w zwi\u0105zku z przetwarzaniem danych osobowych i w sprawie swobodnego przep\u0142ywu takich danych oraz uchylenia dyrektywy 95\/46\/WE.<\/em><i><br \/><\/i><br \/><strong>Cel RODO:<\/strong><\/p><p>RODO wprowadza i harmonizuje zasady przetwarzania danych osobowych na terenie ca\u0142ej Unii Europejskiej.\u00a0W szczeg\u00f3lno\u015bci zapewnia bezpiecze\u0144stwo danych osobowych i chroni prawo do prywatno\u015bci.<\/p><p><strong>Kr\u00f3tki s\u0142owniczek termin\u00f3w:<\/strong><\/p><p><strong>&#8220;Administrator&#8221;<\/strong>\u00a0\u2013 osoba lub podmiot, kt\u00f3ry (samodzielnie lub wsp\u00f3lnie z innymi administratorami) ustala, dlaczego i w jaki spos\u00f3b dane osobowe b\u0119d\u0105 przetwarzane.\u00a0Administratorem danych osobowych jest Wide Bridge Forwarding Sp.\u00a0z oo o. z siedzib\u0105 w Warszawie przy ul.\u00a0Tanecznej 23\/29<br \/><strong><i>&#8220;<\/i><\/strong><strong><i>Dane osobiste<\/i><\/strong><strong><i>&#8220;<\/i><\/strong><em>\u00a0<\/em>\u2013 to informacje, kt\u00f3re identyfikuj\u0105 (lub umo\u017cliwiaj\u0105 identyfikacj\u0119) osoby fizycznej (zwanej tak\u017ce \u201eosob\u0105, kt\u00f3rej dane dotycz\u0105\u201d lub \u201eklientem\u201d).\u00a0B\u0119d\u0105 to w szczeg\u00f3lno\u015bci: imi\u0119 i nazwisko, rodzaj, seria i numer dokumentu to\u017csamo\u015bci, adres, numer telefonu, adres e-mail, data urodzenia, PESEL, NIP, REGON, zdj\u0119cie z monitoringu itp.<br \/><strong>\u201ePodmiot przetwarzaj\u0105cy\u201d<\/strong>\u00a0\u00a0&#8211; a natural person or entity that processes personal data<br \/>on behalf of the controller.<br \/><strong>&#8220;<\/strong><strong>Przetwarzanie danych osobowych<\/strong><strong>&#8220;<\/strong>\u00a0\u2013 s\u0105 to czynno\u015bci zwi\u0105zane z danymi osobowymi.\u00a0Mo\u017cna je wykonywa\u0107 automatycznie lub r\u0119cznie.\u00a0O przetwarzaniu m\u00f3wimy wtedy, gdy dane: zbieramy, utrwalamy, porz\u0105dkujemy, porz\u0105dkujemy, przechowujemy, adaptujemy lub modyfikujemy, pobieramy, przegl\u0105damy, wykorzystujemy, ujawniamy (np. poprzez wys\u0142anie), rozpowszechniamy, udost\u0119pniamy, adaptujemy lub \u0142\u0105czymy, ograniczamy, usuwamy lub niszczymy.<\/p><p><strong>\u00a0\u201eOdbiorca danych osobowych\u201d<\/strong> means a natural or legal person, public authority, agency or other entity to which personal data are disclosed, regardless of whether it is a third party. However, public authorities which may receive personal data in the framework of a specific procedure under Union or Member State law shall not be considered as recipients; the processing of these data by these public authorities must comply with the data protection rules applicable to the purposes of the processing;<\/p><p><strong>Communications between us and customers\/data subjects:<\/strong><\/p><p>We wszystkich sprawach, w tym dotycz\u0105cych danych osobowych, komunikujemy si\u0119 z naszymi klientami\/osobami, kt\u00f3rych dane dotycz\u0105: za po\u015brednictwem strony internetowej, poczty elektronicznej, telefonu i poczty oraz w siedzibie Administratora.<\/p><p><strong>Dane kontaktowe Administratora:<\/strong><br \/><strong>Poczta:<\/strong> office@widebridge.pl<br \/><strong>tel.<\/strong> +48 223310663<br \/><strong>adres strony internetowej:<\/strong> www.widebridge.pl<\/p>\t\t\t\t\t\t\t\t<\/div>\n\t\t\t\t<\/div>\n\t\t\t\t\t<\/div>\n\t\t<\/div>\n\t\t\t\t\t<\/div>\n\t\t<\/section>\n\t\t\t\t<\/div>","protected":false},"excerpt":{"rendered":"<p>Terms &#038; Services Home Terms &#038; Services Information on the processing of personal data by Wide Bridge Forwarding Sp.\u00a0z o. Chapter I \u2013 GDPR\/general information We will start applying GDPR (Regulation on Personal Data Protection).\u00a0May 25, 2018\u00a0The full name is: Regulation (EU) 2016\/679 of the European Parliament and of the Council of 27 April 2016 [&hellip;]<\/p>\n","protected":false},"author":1,"featured_media":0,"parent":0,"menu_order":0,"comment_status":"closed","ping_status":"closed","template":"","meta":{"footnotes":""},"_links":{"self":[{"href":"https:\/\/widebridge.pl\/pl\/wp-json\/wp\/v2\/pages\/776"}],"collection":[{"href":"https:\/\/widebridge.pl\/pl\/wp-json\/wp\/v2\/pages"}],"about":[{"href":"https:\/\/widebridge.pl\/pl\/wp-json\/wp\/v2\/types\/page"}],"author":[{"embeddable":true,"href":"https:\/\/widebridge.pl\/pl\/wp-json\/wp\/v2\/users\/1"}],"replies":[{"embeddable":true,"href":"https:\/\/widebridge.pl\/pl\/wp-json\/wp\/v2\/comments?post=776"}],"version-history":[{"count":25,"href":"https:\/\/widebridge.pl\/pl\/wp-json\/wp\/v2\/pages\/776\/revisions"}],"predecessor-version":[{"id":2329,"href":"https:\/\/widebridge.pl\/pl\/wp-json\/wp\/v2\/pages\/776\/revisions\/2329"}],"wp:attachment":[{"href":"https:\/\/widebridge.pl\/pl\/wp-json\/wp\/v2\/media?parent=776"}],"curies":[{"name":"wp","href":"https:\/\/api.w.org\/{rel}","templated":true}]}}